{"id":1629,"date":"2025-11-17T12:08:08","date_gmt":"2025-11-17T12:08:08","guid":{"rendered":"http:\/\/3.76.218.136\/?page_id=1629"},"modified":"2026-03-11T14:40:09","modified_gmt":"2026-03-11T14:40:09","slug":"compliance-ethic","status":"publish","type":"page","link":"https:\/\/eugreenenergy.al\/sq\/compliance-ethic\/","title":{"rendered":"P\u00ebrputhshm\u00ebri &amp; Etik\u00eb"},"content":{"rendered":"<div data-elementor-type=\"wp-page\" data-elementor-id=\"1629\" class=\"elementor elementor-1629\" data-elementor-post-type=\"page\">\n\t\t\t\t<div class=\"elementor-element elementor-element-ac95a86 e-con-full e-flex e-con e-parent\" data-id=\"ac95a86\" data-element_type=\"container\" data-e-type=\"container\">\n\t\t\t\t<div class=\"elementor-element elementor-element-5cd494c elementor-widget__width-initial elementor-widget elementor-widget-heading\" data-id=\"5cd494c\" data-element_type=\"widget\" data-e-type=\"widget\" data-widget_type=\"heading.default\">\n\t\t\t\t\t<h2 class=\"elementor-heading-title elementor-size-default\">Angazhimi yn\u00eb ndaj p\u00ebrputhshm\u00ebris\u00eb dhe etik\u00ebs<\/h2>\t\t\t\t<\/div>\n\t\t<div class=\"elementor-element elementor-element-f9366ad e-con-full e-flex e-con e-child\" data-id=\"f9366ad\" data-element_type=\"container\" data-e-type=\"container\">\n\t\t\t\t<div class=\"elementor-element elementor-element-002b030 elementor-widget elementor-widget-heading\" data-id=\"002b030\" data-element_type=\"widget\" data-e-type=\"widget\" data-widget_type=\"heading.default\">\n\t\t\t\t\t<h2 class=\"elementor-heading-title elementor-size-default\">Energy<\/h2>\t\t\t\t<\/div>\n\t\t\t\t<div class=\"elementor-element elementor-element-9aa70e9 elementor-view-default elementor-widget elementor-widget-icon\" data-id=\"9aa70e9\" data-element_type=\"widget\" data-e-type=\"widget\" data-widget_type=\"icon.default\">\n\t\t\t\t\t\t\t<div class=\"elementor-icon-wrapper\">\n\t\t\t<div class=\"elementor-icon\">\n\t\t\t<svg aria-hidden=\"true\" class=\"e-font-icon-svg e-fas-angle-right\" viewbox=\"0 0 256 512\" xmlns=\"http:\/\/www.w3.org\/2000\/svg\"><path d=\"M224.3 273l-136 136c-9.4 9.4-24.6 9.4-33.9 0l-22.6-22.6c-9.4-9.4-9.4-24.6 0-33.9l96.4-96.4-96.4-96.4c-9.4-9.4-9.4-24.6 0-33.9L54.3 103c9.4-9.4 24.6-9.4 33.9 0l136 136c9.5 9.4 9.5 24.6.1 34z\"><\/path><\/svg>\t\t\t<\/div>\n\t\t<\/div>\n\t\t\t\t\t\t<\/div>\n\t\t\t\t<div class=\"elementor-element elementor-element-267a209 elementor-widget elementor-widget-heading\" data-id=\"267a209\" data-element_type=\"widget\" data-e-type=\"widget\" data-widget_type=\"heading.default\">\n\t\t\t\t\t<h2 class=\"elementor-heading-title elementor-size-default\">Compliance &amp; Ethics<\/h2>\t\t\t\t<\/div>\n\t\t\t\t<\/div>\n\t\t\t\t<\/div>\n\t\t<div class=\"elementor-element elementor-element-0ad39ae e-flex e-con-boxed e-con e-parent\" data-id=\"0ad39ae\" data-element_type=\"container\" data-e-type=\"container\">\n\t\t\t\t\t<div class=\"e-con-inner\">\n\t\t\t\t<div class=\"elementor-element elementor-element-0ecbb5e elementor-widget elementor-widget-text-editor\" data-id=\"0ecbb5e\" data-element_type=\"widget\" data-e-type=\"widget\" data-widget_type=\"text-editor.default\">\n\t\t\t\t\t\t\t\t\t<p data-start=\"265\" data-end=\"551\">N\u00eb <strong data-start=\"268\" data-end=\"287\">EU Green Energy<\/strong>, integrity, compliance, and ethical conduct are fundamental principles that guide our governance and decision-making processes. We operate responsibly and transparently, in full compliance with Albanian legislation, European Union regulations, and internationally recognized standards.<br \/><br \/>Korniza jon\u00eb e p\u00ebrputhshm\u00ebris\u00eb \u00ebsht\u00eb e integruar n\u00eb qeverisje, menaxhimin operacional, prokurim dhe marr\u00ebdh\u00ebniet me pal\u00ebt e interesuara. Ajo p\u00ebrcakton p\u00ebrgjegj\u00ebsi t\u00eb qarta, kontrolle t\u00eb brendshme dhe mekanizma monitorimi p\u00ebr t\u00eb siguruar respektimin e ligjeve n\u00eb fuqi dhe standardeve etike n\u00eb t\u00eb gjitha nivelet e organizat\u00ebs.<\/p><p data-start=\"553\" data-end=\"836\">We require all employees, contractors, and business partners to act with integrity, fairness, and accountability. Our compliance framework safeguards human rights, promotes fair competition, protects data and information, and upholds the highest standards of professional conduct across all operations.<\/p><p data-start=\"838\" data-end=\"1061\">By embedding ethics and compliance into our corporate governance framework, we mitigate operational and regulatory risks, strengthen stakeholder trust, and ensure that our activities generate sustainable, long-term value for communities, partners, and the environment.<\/p>\t\t\t\t\t\t\t\t<\/div>\n\t\t\t\t<div class=\"elementor-element elementor-element-067f1cb elementor-widget elementor-widget-heading\" data-id=\"067f1cb\" data-element_type=\"widget\" data-e-type=\"widget\" data-widget_type=\"heading.default\">\n\t\t\t\t\t<h2 class=\"elementor-heading-title elementor-size-default\">\u201cIntegriteti, transparenca dhe p\u00ebrgjegjshm\u00ebria rregullatore p\u00ebrcaktojn\u00eb standardet tona operacionale.\u201d<\/h2>\t\t\t\t<\/div>\n\t\t\t\t\t<\/div>\n\t\t\t\t<\/div>\n\t\t<div class=\"elementor-element elementor-element-62cfd2f e-flex e-con-boxed e-con e-parent\" data-id=\"62cfd2f\" data-element_type=\"container\" data-e-type=\"container\">\n\t\t\t\t\t<div class=\"e-con-inner\">\n\t\t<div class=\"elementor-element elementor-element-aaae828 e-con-full e-flex e-con e-child\" data-id=\"aaae828\" data-element_type=\"container\" data-e-type=\"container\" data-settings=\"{&quot;background_background&quot;:&quot;classic&quot;}\">\n\t\t<div class=\"elementor-element elementor-element-e49c5cd e-con-full e-flex e-con e-child\" data-id=\"e49c5cd\" data-element_type=\"container\" data-e-type=\"container\">\n\t\t<div class=\"elementor-element elementor-element-f3678cd e-con-full e-flex e-con e-child\" data-id=\"f3678cd\" data-element_type=\"container\" data-e-type=\"container\">\n\t\t\t\t<div class=\"elementor-element elementor-element-ff88f3b elementor-widget elementor-widget-heading\" data-id=\"ff88f3b\" data-element_type=\"widget\" data-e-type=\"widget\" data-widget_type=\"heading.default\">\n\t\t\t\t\t<h2 class=\"elementor-heading-title elementor-size-default\">Compliance and Ethical Governance Framework<\/h2>\t\t\t\t<\/div>\n\t\t\t\t<div class=\"elementor-element elementor-element-b29fe0f elementor-widget elementor-widget-heading\" data-id=\"b29fe0f\" data-element_type=\"widget\" data-e-type=\"widget\" data-widget_type=\"heading.default\">\n\t\t\t\t\t<h2 class=\"elementor-heading-title elementor-size-default\">Korniza jon\u00eb e P\u00ebrputhshm\u00ebris\u00eb dhe Qeverisjes Etike p\u00ebrcakton politika t\u00eb qarta t\u00eb brendshme q\u00eb mbulojn\u00eb masat kund\u00ebr korrupsionit, menaxhimin e konfliktit t\u00eb interesit, parimet e konkurrenc\u00ebs s\u00eb ndershme, mbrojtjen e t\u00eb dh\u00ebnave, p\u00ebrgjegj\u00ebsin\u00eb mjedisore dhe mbrojtjen e sinjalizuesve. Korniza p\u00ebrfshin mekanizma mbik\u00ebqyr\u00ebs t\u00eb projektuar p\u00ebr t\u00eb parandaluar, zbuluar dhe adresuar rreziqet e mundshme rregullatore dhe etike.<\/h2>\t\t\t\t<\/div>\n\t\t\t\t<\/div>\n\t\t\t\t<div class=\"elementor-element elementor-element-1e7d316 elementor-widget elementor-widget-button\" data-id=\"1e7d316\" data-element_type=\"widget\" data-e-type=\"widget\" data-widget_type=\"button.default\">\n\t\t\t\t\t\t\t\t\t\t<a class=\"elementor-button elementor-button-link elementor-size-sm\" href=\"http:\/\/eugreenenergy.al\/wp-content\/uploads\/2026\/03\/03.12.2025-EU-Green-Energy-LLC-Compliance-Ethics.pdf\" target=\"_blank\" download=\"\">\n\t\t\t\t\t\t<span class=\"elementor-button-content-wrapper\">\n\t\t\t\t\t\t<span class=\"elementor-button-icon\">\n\t\t\t\t<svg aria-hidden=\"true\" class=\"e-font-icon-svg e-fas-plus-circle\" viewbox=\"0 0 512 512\" xmlns=\"http:\/\/www.w3.org\/2000\/svg\"><path d=\"M256 8C119 8 8 119 8 256s111 248 248 248 248-111 248-248S393 8 256 8zm144 276c0 6.6-5.4 12-12 12h-92v92c0 6.6-5.4 12-12 12h-56c-6.6 0-12-5.4-12-12v-92h-92c-6.6 0-12-5.4-12-12v-56c0-6.6 5.4-12 12-12h92v-92c0-6.6 5.4-12 12-12h56c6.6 0 12 5.4 12 12v92h92c6.6 0 12 5.4 12 12v56z\"><\/path><\/svg>\t\t\t<\/span>\n\t\t\t\t\t\t\t\t\t<span class=\"elementor-button-text\">M\u00ebso M\u00eb Shum\u00eb<\/span>\n\t\t\t\t\t<\/span>\n\t\t\t\t\t<\/a>\n\t\t\t\t\t\t\t\t<\/div>\n\t\t\t\t<\/div>\n\t\t<div class=\"elementor-element elementor-element-9207134 e-con-full e-flex e-con e-child\" data-id=\"9207134\" data-element_type=\"container\" data-e-type=\"container\" data-settings=\"{&quot;background_background&quot;:&quot;classic&quot;}\">\n\t\t\t\t<\/div>\n\t\t\t\t<\/div>\n\t\t<div class=\"elementor-element elementor-element-fd5dd57 e-con-full e-flex e-con e-child\" data-id=\"fd5dd57\" data-element_type=\"container\" data-e-type=\"container\" data-settings=\"{&quot;background_background&quot;:&quot;classic&quot;}\">\n\t\t<div class=\"elementor-element elementor-element-d1fd6ae e-con-full e-flex e-con e-child\" data-id=\"d1fd6ae\" data-element_type=\"container\" data-e-type=\"container\">\n\t\t<div class=\"elementor-element elementor-element-98dc4d2 e-con-full e-flex e-con e-child\" data-id=\"98dc4d2\" data-element_type=\"container\" data-e-type=\"container\">\n\t\t\t\t<div class=\"elementor-element elementor-element-466d460 elementor-widget elementor-widget-heading\" data-id=\"466d460\" data-element_type=\"widget\" data-e-type=\"widget\" data-widget_type=\"heading.default\">\n\t\t\t\t\t<h2 class=\"elementor-heading-title elementor-size-default\">Data Protection, Privacy, and Website Policies<\/h2>\t\t\t\t<\/div>\n\t\t\t\t<div class=\"elementor-element elementor-element-122bdc7 elementor-widget elementor-widget-heading\" data-id=\"122bdc7\" data-element_type=\"widget\" data-e-type=\"widget\" data-widget_type=\"heading.default\">\n\t\t\t\t\t<h2 class=\"elementor-heading-title elementor-size-default\">Praktikat tona t\u00eb mbrojtjes s\u00eb t\u00eb dh\u00ebnave jan\u00eb n\u00eb p\u00ebrputhje me Ligjin Shqiptar Nr. 124\/2024 dhe Rregulloren e P\u00ebrgjithshme p\u00ebr Mbrojtjen e t\u00eb Dh\u00ebnave (GDPR). Ne zbatojm\u00eb masa t\u00eb p\u00ebrshtatshme teknike dhe organizative p\u00ebr t\u00eb siguruar trajtimin, ruajtjen dhe p\u00ebrpunimin e sigurt t\u00eb t\u00eb dh\u00ebnave n\u00eb p\u00ebrputhje me standardet ligjore n\u00eb fuqi.<\/h2>\t\t\t\t<\/div>\n\t\t\t\t<\/div>\n\t\t\t\t<div class=\"elementor-element elementor-element-e969f1d elementor-widget elementor-widget-button\" data-id=\"e969f1d\" data-element_type=\"widget\" data-e-type=\"widget\" data-widget_type=\"button.default\">\n\t\t\t\t\t\t\t\t\t\t<a class=\"elementor-button elementor-button-link elementor-size-sm\" href=\"http:\/\/eugreenenergy.al\/wp-content\/uploads\/2026\/03\/03.12.2025-EU-Green-Energy-LLC-Terms-and-Conditions-and-Privacy-Policy-1.pdf\" target=\"_blank\">\n\t\t\t\t\t\t<span class=\"elementor-button-content-wrapper\">\n\t\t\t\t\t\t<span class=\"elementor-button-icon\">\n\t\t\t\t<svg aria-hidden=\"true\" class=\"e-font-icon-svg e-fas-plus-circle\" viewbox=\"0 0 512 512\" xmlns=\"http:\/\/www.w3.org\/2000\/svg\"><path d=\"M256 8C119 8 8 119 8 256s111 248 248 248 248-111 248-248S393 8 256 8zm144 276c0 6.6-5.4 12-12 12h-92v92c0 6.6-5.4 12-12 12h-56c-6.6 0-12-5.4-12-12v-92h-92c-6.6 0-12-5.4-12-12v-56c0-6.6 5.4-12 12-12h92v-92c0-6.6 5.4-12 12-12h56c6.6 0 12 5.4 12 12v92h92c6.6 0 12 5.4 12 12v56z\"><\/path><\/svg>\t\t\t<\/span>\n\t\t\t\t\t\t\t\t\t<span class=\"elementor-button-text\">M\u00ebso M\u00eb Shum\u00eb<\/span>\n\t\t\t\t\t<\/span>\n\t\t\t\t\t<\/a>\n\t\t\t\t\t\t\t\t<\/div>\n\t\t\t\t<\/div>\n\t\t<div class=\"elementor-element elementor-element-99851d4 e-con-full e-flex e-con e-child\" data-id=\"99851d4\" data-element_type=\"container\" data-e-type=\"container\" data-settings=\"{&quot;background_background&quot;:&quot;classic&quot;}\">\n\t\t\t\t<\/div>\n\t\t\t\t<\/div>\n\t\t\t\t\t<\/div>\n\t\t\t\t<\/div>\n\t\t\t\t<\/div>","protected":false},"excerpt":{"rendered":"<p>Our Commitment to Compliance &amp; Ethics Energy Compliance &amp; Ethics At EU Green Energy, integrity, compliance, and ethical conduct are fundamental principles that guide our governance and decision-making processes. We operate responsibly and transparently, in full compliance with Albanian legislation, European Union regulations, and internationally recognized standards. Our compliance framework is embedded across governance, operational [&hellip;]<\/p>\n","protected":false},"author":1,"featured_media":0,"parent":0,"menu_order":0,"comment_status":"closed","ping_status":"closed","template":"","meta":{"_acf_changed":false,"footnotes":""},"class_list":["post-1629","page","type-page","status-publish","hentry"],"acf":[],"aioseo_notices":[],"_links":{"self":[{"href":"https:\/\/eugreenenergy.al\/sq\/wp-json\/wp\/v2\/pages\/1629","targetHints":{"allow":["GET"]}}],"collection":[{"href":"https:\/\/eugreenenergy.al\/sq\/wp-json\/wp\/v2\/pages"}],"about":[{"href":"https:\/\/eugreenenergy.al\/sq\/wp-json\/wp\/v2\/types\/page"}],"author":[{"embeddable":true,"href":"https:\/\/eugreenenergy.al\/sq\/wp-json\/wp\/v2\/users\/1"}],"replies":[{"embeddable":true,"href":"https:\/\/eugreenenergy.al\/sq\/wp-json\/wp\/v2\/comments?post=1629"}],"version-history":[{"count":58,"href":"https:\/\/eugreenenergy.al\/sq\/wp-json\/wp\/v2\/pages\/1629\/revisions"}],"predecessor-version":[{"id":3382,"href":"https:\/\/eugreenenergy.al\/sq\/wp-json\/wp\/v2\/pages\/1629\/revisions\/3382"}],"wp:attachment":[{"href":"https:\/\/eugreenenergy.al\/sq\/wp-json\/wp\/v2\/media?parent=1629"}],"curies":[{"name":"wp","href":"https:\/\/api.w.org\/{rel}","templated":true}]}}