{"id":1627,"date":"2025-11-17T12:07:55","date_gmt":"2025-11-17T12:07:55","guid":{"rendered":"http:\/\/3.76.218.136\/?page_id=1627"},"modified":"2026-03-10T10:47:45","modified_gmt":"2026-03-10T10:47:45","slug":"health-safety","status":"publish","type":"page","link":"https:\/\/eugreenenergy.al\/sq\/health-safety\/","title":{"rendered":"Sh\u00ebndet &amp; Siguri"},"content":{"rendered":"<div data-elementor-type=\"wp-page\" data-elementor-id=\"1627\" class=\"elementor elementor-1627\" data-elementor-post-type=\"page\">\n\t\t\t\t<div class=\"elementor-element elementor-element-647603c e-con-full e-flex e-con e-parent\" data-id=\"647603c\" data-element_type=\"container\" data-e-type=\"container\">\n\t\t\t\t<div class=\"elementor-element elementor-element-ed23d38 elementor-widget__width-initial elementor-widget elementor-widget-heading\" data-id=\"ed23d38\" data-element_type=\"widget\" data-e-type=\"widget\" data-widget_type=\"heading.default\">\n\t\t\t\t\t<h2 class=\"elementor-heading-title elementor-size-default\">Angazhimi yn\u00eb ndaj Sh\u00ebndetit dhe Siguris\u00eb<\/h2>\t\t\t\t<\/div>\n\t\t<div class=\"elementor-element elementor-element-6e78d64 e-con-full e-flex e-con e-child\" data-id=\"6e78d64\" data-element_type=\"container\" data-e-type=\"container\">\n\t\t\t\t<div class=\"elementor-element elementor-element-c597076 elementor-widget elementor-widget-heading\" data-id=\"c597076\" data-element_type=\"widget\" data-e-type=\"widget\" data-widget_type=\"heading.default\">\n\t\t\t\t\t<h2 class=\"elementor-heading-title elementor-size-default\"><a href=\"https:\/\/eugreenenergy.al\/sq\">Kreu<\/a><\/h2>\t\t\t\t<\/div>\n\t\t\t\t<div class=\"elementor-element elementor-element-3d7c361 elementor-view-default elementor-widget elementor-widget-icon\" data-id=\"3d7c361\" data-element_type=\"widget\" data-e-type=\"widget\" data-widget_type=\"icon.default\">\n\t\t\t\t\t\t\t<div class=\"elementor-icon-wrapper\">\n\t\t\t<div class=\"elementor-icon\">\n\t\t\t<svg aria-hidden=\"true\" class=\"e-font-icon-svg e-fas-angle-right\" viewbox=\"0 0 256 512\" xmlns=\"http:\/\/www.w3.org\/2000\/svg\"><path d=\"M224.3 273l-136 136c-9.4 9.4-24.6 9.4-33.9 0l-22.6-22.6c-9.4-9.4-9.4-24.6 0-33.9l96.4-96.4-96.4-96.4c-9.4-9.4-9.4-24.6 0-33.9L54.3 103c9.4-9.4 24.6-9.4 33.9 0l136 136c9.5 9.4 9.5 24.6.1 34z\"><\/path><\/svg>\t\t\t<\/div>\n\t\t<\/div>\n\t\t\t\t\t\t<\/div>\n\t\t\t\t<div class=\"elementor-element elementor-element-c95b40c elementor-widget elementor-widget-heading\" data-id=\"c95b40c\" data-element_type=\"widget\" data-e-type=\"widget\" data-widget_type=\"heading.default\">\n\t\t\t\t\t<h2 class=\"elementor-heading-title elementor-size-default\">Sh\u00ebndet &amp; Siguri<\/h2>\t\t\t\t<\/div>\n\t\t\t\t<\/div>\n\t\t\t\t<\/div>\n\t\t<div class=\"elementor-element elementor-element-72c56fb e-con-full e-flex e-con e-parent\" data-id=\"72c56fb\" data-element_type=\"container\" data-e-type=\"container\" data-settings=\"{&quot;background_background&quot;:&quot;classic&quot;}\">\n\t\t<div class=\"elementor-element elementor-element-edc509f e-con-full e-flex e-con e-child\" data-id=\"edc509f\" data-element_type=\"container\" data-e-type=\"container\">\n\t\t<div class=\"elementor-element elementor-element-676bf06 e-con-full e-flex e-con e-child\" data-id=\"676bf06\" data-element_type=\"container\" data-e-type=\"container\">\n\t\t\t\t<div class=\"elementor-element elementor-element-6f88301 elementor-view-default elementor-widget elementor-widget-icon\" data-id=\"6f88301\" data-element_type=\"widget\" data-e-type=\"widget\" data-widget_type=\"icon.default\">\n\t\t\t\t\t\t\t<div class=\"elementor-icon-wrapper\">\n\t\t\t<div class=\"elementor-icon\">\n\t\t\t<svg aria-hidden=\"true\" class=\"e-font-icon-svg e-fas-circle\" viewbox=\"0 0 512 512\" xmlns=\"http:\/\/www.w3.org\/2000\/svg\"><path d=\"M256 8C119 8 8 119 8 256s111 248 248 248 248-111 248-248S393 8 256 8z\"><\/path><\/svg>\t\t\t<\/div>\n\t\t<\/div>\n\t\t\t\t\t\t<\/div>\n\t\t\t\t<div class=\"elementor-element elementor-element-f64c7da elementor-widget elementor-widget-heading\" data-id=\"f64c7da\" data-element_type=\"widget\" data-e-type=\"widget\" data-widget_type=\"heading.default\">\n\t\t\t\t\t<h2 class=\"elementor-heading-title elementor-size-default\">Vendosja e Sh\u00ebndetit dhe Siguris\u00eb s\u00eb njer\u00ebzve tan\u00eb si p\u00ebrpar\u00ebsi<\/h2>\t\t\t\t<\/div>\n\t\t\t\t<\/div>\n\t\t\t\t<div class=\"elementor-element elementor-element-8cd90b5 elementor-widget__width-initial elementor-widget elementor-widget-heading\" data-id=\"8cd90b5\" data-element_type=\"widget\" data-e-type=\"widget\" data-widget_type=\"heading.default\">\n\t\t\t\t\t<h2 class=\"elementor-heading-title elementor-size-default\">Vende pune m\u00eb t\u00eb sigurta p\u00ebr nj\u00eb t\u00eb nes\u00ebrme m\u00eb t\u00eb gjelb\u00ebr<\/h2>\t\t\t\t<\/div>\n\t\t\t\t<\/div>\n\t\t<div class=\"elementor-element elementor-element-a536638 e-con-full e-flex e-con e-child\" data-id=\"a536638\" data-element_type=\"container\" data-e-type=\"container\">\n\t\t<div class=\"elementor-element elementor-element-decfb6b e-con-full e-flex e-con e-child\" data-id=\"decfb6b\" data-element_type=\"container\" data-e-type=\"container\">\n\t\t\t\t<div class=\"elementor-element elementor-element-75fc576 elementor-widget elementor-widget-heading\" data-id=\"75fc576\" data-element_type=\"widget\" data-e-type=\"widget\" data-widget_type=\"heading.default\">\n\t\t\t\t\t<h2 class=\"elementor-heading-title elementor-size-default\">Sh\u00ebndeti dhe siguria e punonj\u00ebsve tan\u00eb, kontraktor\u00ebve, partner\u00ebve dhe komuniteteve p\u00ebrreth \u00ebsht\u00eb prioriteti yn\u00eb m\u00eb i lart\u00eb operacional. EU GREEN ENERGY zbaton procedura t\u00eb strukturuara t\u00eb menaxhimit t\u00eb sh\u00ebndetit dhe siguris\u00eb n\u00eb t\u00eb gjitha fazat e projektit, p\u00ebrfshir\u00eb planifikimin, nd\u00ebrtimin, v\u00ebnien n\u00eb pun\u00eb dhe operimin. Korniza jon\u00eb bazohet n\u00eb identifikimin e rreziqeve, vler\u00ebsimin e riskut, kontrollet parandaluese dhe monitorimin e vazhduesh\u00ebm p\u00ebr t\u00eb siguruar mjedise pune t\u00eb sigurta n\u00eb \u00e7do koh\u00eb.<\/h2>\t\t\t\t<\/div>\n\t\t\t\t<\/div>\n\t\t\t\t<\/div>\n\t\t\t\t<\/div>\n\t\t<div class=\"elementor-element elementor-element-df39f46 e-flex e-con-boxed e-con e-parent\" data-id=\"df39f46\" data-element_type=\"container\" data-e-type=\"container\">\n\t\t\t\t\t<div class=\"e-con-inner\">\n\t\t\t\t<div class=\"elementor-element elementor-element-988efdc elementor-widget__width-initial elementor-widget elementor-widget-heading\" data-id=\"988efdc\" data-element_type=\"widget\" data-e-type=\"widget\" data-widget_type=\"heading.default\">\n\t\t\t\t\t<h2 class=\"elementor-heading-title elementor-size-default\">Standardet e sh\u00ebndetit dhe siguris\u00eb jan\u00eb t\u00eb integruara n\u00eb \u00e7do vendim operacional.<\/h2>\t\t\t\t<\/div>\n\t\t\t\t\t<\/div>\n\t\t\t\t<\/div>\n\t\t<div class=\"elementor-element elementor-element-a1ee796 e-grid e-con-boxed e-con e-parent\" data-id=\"a1ee796\" data-element_type=\"container\" data-e-type=\"container\">\n\t\t\t\t\t<div class=\"e-con-inner\">\n\t\t<div class=\"elementor-element elementor-element-fd654c7 e-con-full e-flex e-con e-child\" data-id=\"fd654c7\" data-element_type=\"container\" data-e-type=\"container\">\n\t\t\t\t<div class=\"elementor-element elementor-element-ee0e116 elementor-widget elementor-widget-heading\" data-id=\"ee0e116\" data-element_type=\"widget\" data-e-type=\"widget\" data-widget_type=\"heading.default\">\n\t\t\t\t\t<h2 class=\"elementor-heading-title elementor-size-default\">Ekipet tona marrin trajnim t\u00eb vazhduesh\u00ebm p\u00ebr t\u00eb ruajtur nivele t\u00eb larta t\u00eb nd\u00ebrgjegj\u00ebsimit dhe kompetenc\u00ebs n\u00eb fush\u00ebn e siguris\u00eb. Ne kryejm\u00eb vler\u00ebsime sistematike t\u00eb rrezikut, zbatojm\u00eb masa kontrolli dhe monitorojm\u00eb p\u00ebrputhshm\u00ebrin\u00eb me protokollet e brendshme t\u00eb siguris\u00eb p\u00ebr t\u00eb parandaluar incidentet dhe p\u00ebr t\u00eb minimizuar rrezikun operacional.<\/h2>\t\t\t\t<\/div>\n\t\t\t\t<\/div>\n\t\t<div class=\"elementor-element elementor-element-1a850fc e-con-full e-flex e-con e-child\" data-id=\"1a850fc\" data-element_type=\"container\" data-e-type=\"container\">\n\t\t\t\t<div class=\"elementor-element elementor-element-f17867b elementor-widget elementor-widget-image\" data-id=\"f17867b\" data-element_type=\"widget\" data-e-type=\"widget\" data-widget_type=\"image.default\">\n\t\t\t\t\t\t\t\t\t\t\t\t\t\t\t<img fetchpriority=\"high\" decoding=\"async\" width=\"8192\" height=\"5464\" src=\"https:\/\/eugreenenergy.al\/wp-content\/uploads\/2026\/03\/markus-spiske-rNn_TU8dvoY-unsplash-1.jpg\" class=\"attachment-full size-full wp-image-3342\" alt=\"\" srcset=\"https:\/\/eugreenenergy.al\/wp-content\/uploads\/2026\/03\/markus-spiske-rNn_TU8dvoY-unsplash-1.jpg 8192w, https:\/\/eugreenenergy.al\/wp-content\/uploads\/2026\/03\/markus-spiske-rNn_TU8dvoY-unsplash-1-300x200.jpg 300w, https:\/\/eugreenenergy.al\/wp-content\/uploads\/2026\/03\/markus-spiske-rNn_TU8dvoY-unsplash-1-1024x683.jpg 1024w, https:\/\/eugreenenergy.al\/wp-content\/uploads\/2026\/03\/markus-spiske-rNn_TU8dvoY-unsplash-1-768x512.jpg 768w, https:\/\/eugreenenergy.al\/wp-content\/uploads\/2026\/03\/markus-spiske-rNn_TU8dvoY-unsplash-1-1536x1025.jpg 1536w, https:\/\/eugreenenergy.al\/wp-content\/uploads\/2026\/03\/markus-spiske-rNn_TU8dvoY-unsplash-1-18x12.jpg 18w\" sizes=\"(max-width: 8192px) 100vw, 8192px\" \/>\t\t\t\t\t\t\t\t\t\t\t\t\t\t\t<\/div>\n\t\t\t\t<\/div>\n\t\t<div class=\"elementor-element elementor-element-98c2882 e-con-full e-flex e-con e-child\" data-id=\"98c2882\" data-element_type=\"container\" data-e-type=\"container\">\n\t\t\t\t<div class=\"elementor-element elementor-element-faea738 elementor-widget elementor-widget-image\" data-id=\"faea738\" data-element_type=\"widget\" data-e-type=\"widget\" data-widget_type=\"image.default\">\n\t\t\t\t\t\t\t\t\t\t\t\t\t\t\t<img decoding=\"async\" width=\"2560\" height=\"1748\" src=\"https:\/\/eugreenenergy.al\/wp-content\/uploads\/2025\/12\/reden-qg9m9DQpWEc-unsplash-scaled.jpg\" class=\"attachment-full size-full wp-image-2783\" alt=\"\" srcset=\"https:\/\/eugreenenergy.al\/wp-content\/uploads\/2025\/12\/reden-qg9m9DQpWEc-unsplash-scaled.jpg 2560w, https:\/\/eugreenenergy.al\/wp-content\/uploads\/2025\/12\/reden-qg9m9DQpWEc-unsplash-300x205.jpg 300w, https:\/\/eugreenenergy.al\/wp-content\/uploads\/2025\/12\/reden-qg9m9DQpWEc-unsplash-1024x699.jpg 1024w, https:\/\/eugreenenergy.al\/wp-content\/uploads\/2025\/12\/reden-qg9m9DQpWEc-unsplash-768x524.jpg 768w, https:\/\/eugreenenergy.al\/wp-content\/uploads\/2025\/12\/reden-qg9m9DQpWEc-unsplash-1536x1049.jpg 1536w, https:\/\/eugreenenergy.al\/wp-content\/uploads\/2025\/12\/reden-qg9m9DQpWEc-unsplash-2048x1398.jpg 2048w, https:\/\/eugreenenergy.al\/wp-content\/uploads\/2025\/12\/reden-qg9m9DQpWEc-unsplash-18x12.jpg 18w\" sizes=\"(max-width: 2560px) 100vw, 2560px\" \/>\t\t\t\t\t\t\t\t\t\t\t\t\t\t\t<\/div>\n\t\t\t\t<\/div>\n\t\t<div class=\"elementor-element elementor-element-15f4e4f e-con-full e-flex e-con e-child\" data-id=\"15f4e4f\" data-element_type=\"container\" data-e-type=\"container\">\n\t\t\t\t<div class=\"elementor-element elementor-element-8e1bb67 elementor-widget elementor-widget-heading\" data-id=\"8e1bb67\" data-element_type=\"widget\" data-e-type=\"widget\" data-widget_type=\"heading.default\">\n\t\t\t\t\t<h2 class=\"elementor-heading-title elementor-size-default\">\u00c7do vendim p\u00ebr sh\u00ebndetin dhe sigurin\u00eb udh\u00ebhiqet nga nj\u00eb qasje parandaluese e projektuar p\u00ebr t\u00eb mbrojtur njer\u00ebzit, asetet dhe mjedisin, duke siguruar nj\u00ebkoh\u00ebsisht operacione t\u00eb sigurta dhe t\u00eb besueshme t\u00eb energjis\u00eb s\u00eb rinovueshme.<\/h2>\t\t\t\t<\/div>\n\t\t\t\t<\/div>\n\t\t\t\t\t<\/div>\n\t\t\t\t<\/div>\n\t\t\t\t<\/div>","protected":false},"excerpt":{"rendered":"<p>Our Commitment to Health &amp; Safety Home Health &amp; Safety Prioritizing the Health &amp; Safety of Our People Safer Workplaces for a Greener Tomorrow The health and safety of our employees, contractors, partners, and surrounding communities is our highest operational priority. EU GREEN ENERGY implements structured health and safety management procedures across all project phases, [&hellip;]<\/p>\n","protected":false},"author":1,"featured_media":0,"parent":0,"menu_order":0,"comment_status":"closed","ping_status":"closed","template":"","meta":{"_acf_changed":false,"footnotes":""},"class_list":["post-1627","page","type-page","status-publish","hentry"],"acf":[],"aioseo_notices":[],"_links":{"self":[{"href":"https:\/\/eugreenenergy.al\/sq\/wp-json\/wp\/v2\/pages\/1627","targetHints":{"allow":["GET"]}}],"collection":[{"href":"https:\/\/eugreenenergy.al\/sq\/wp-json\/wp\/v2\/pages"}],"about":[{"href":"https:\/\/eugreenenergy.al\/sq\/wp-json\/wp\/v2\/types\/page"}],"author":[{"embeddable":true,"href":"https:\/\/eugreenenergy.al\/sq\/wp-json\/wp\/v2\/users\/1"}],"replies":[{"embeddable":true,"href":"https:\/\/eugreenenergy.al\/sq\/wp-json\/wp\/v2\/comments?post=1627"}],"version-history":[{"count":31,"href":"https:\/\/eugreenenergy.al\/sq\/wp-json\/wp\/v2\/pages\/1627\/revisions"}],"predecessor-version":[{"id":3345,"href":"https:\/\/eugreenenergy.al\/sq\/wp-json\/wp\/v2\/pages\/1627\/revisions\/3345"}],"wp:attachment":[{"href":"https:\/\/eugreenenergy.al\/sq\/wp-json\/wp\/v2\/media?parent=1627"}],"curies":[{"name":"wp","href":"https:\/\/api.w.org\/{rel}","templated":true}]}}